{"id":140,"date":"2019-12-31T22:40:15","date_gmt":"2019-12-31T21:40:15","guid":{"rendered":"https:\/\/www.goingo.de\/w\/?page_id=140"},"modified":"2025-05-09T01:54:29","modified_gmt":"2025-05-08T23:54:29","slug":"e-mails-verschlusseln","status":"publish","type":"page","link":"https:\/\/www.goingo.de\/w\/e-mails-verschlusseln\/","title":{"rendered":"E-Mails verschl\u00fcsseln"},"content":{"rendered":"<!--themify_builder_content-->\n<div id=\"themify_builder_content-140\" data-postid=\"140\" class=\"themify_builder_content themify_builder_content-140 themify_builder tf_clear\">\n                    <div  data-css_id=\"l6k2629\" data-lazy=\"1\" class=\"module_row themify_builder_row fullwidth tb_l6k2629 tb_first tf_w\">\n                        <div class=\"row_inner col_align_top tb_col_count_1 tf_box tf_rel\">\n                        <div  data-lazy=\"1\" class=\"module_column tb-column col-full tb_5lsb630 first\">\n                    <!-- module image -->\n<div  class=\"module module-image tb_124w419 image-top   auto_fullwidth tf_mw\" data-lazy=\"1\">\n        <div class=\"image-wrap tf_rel tf_mw\">\n            <img loading=\"lazy\" decoding=\"async\" width=\"1920\" height=\"1160\" src=\"https:\/\/www.goingo.de\/w\/wp-content\/uploads\/2020\/02\/MRS_3858_Publikum_b_1920x1160.jpg\" class=\"wp-post-image wp-image-459\" title=\"E-Mails verschl\u00fcsseln\" alt=\"E-Mails verschl\u00fcsseln\" srcset=\"https:\/\/www.goingo.de\/w\/wp-content\/uploads\/2020\/02\/MRS_3858_Publikum_b_1920x1160.jpg 1920w, https:\/\/www.goingo.de\/w\/wp-content\/uploads\/2020\/02\/MRS_3858_Publikum_b_1920x1160-300x181.jpg 300w, https:\/\/www.goingo.de\/w\/wp-content\/uploads\/2020\/02\/MRS_3858_Publikum_b_1920x1160-1024x619.jpg 1024w, https:\/\/www.goingo.de\/w\/wp-content\/uploads\/2020\/02\/MRS_3858_Publikum_b_1920x1160-768x464.jpg 768w, https:\/\/www.goingo.de\/w\/wp-content\/uploads\/2020\/02\/MRS_3858_Publikum_b_1920x1160-1536x928.jpg 1536w\" sizes=\"auto, (max-width: 1920px) 100vw, 1920px\" \/>    \n        <\/div>\n    <!-- \/image-wrap -->\n    \n        <\/div>\n<!-- \/module image -->        <\/div>\n                        <\/div>\n        <\/div>\n                        <div  data-lazy=\"1\" class=\"module_row themify_builder_row tb_ws3834 tf_w\">\n                        <div class=\"row_inner col_align_top tb_col_count_2 tf_box tf_rel\">\n                        <div  data-lazy=\"1\" class=\"module_column tb-column col4-1 tb_fulg35 first\">\n                            <\/div>\n                    <div  data-lazy=\"1\" class=\"module_column tb-column col4-3 tb_7k2t691 last\">\n                    <!-- module text -->\n<div  class=\"module module-text tb_lunh890    wow\" data-tf-animation=\"slideInRight\" data-lazy=\"1\" data-lax-translate-y=\"(vh*1) 0,(vh*0) -180\" data-lax=\"true\">\n        <div  class=\"tb_text_wrap\">\n        <h4>\u00a0<\/h4>\n<h5>E-Mail-Verschl\u00fcsselung ist nicht schwer<\/h5>\n<p>Im Open-Source E-Mail-Programm Thunderbird ist OpenPGP-Verschl\u00fcsselung ab Version 78 integriert.<br \/><br \/><br \/><strong>Download<br \/><\/strong>Thunderbird <a href=\"https:\/\/www.thunderbird.net\/de\/download\/\" target=\"_blank\" rel=\"noopener\">https:\/\/www.thunderbird.net\/de\/download\/<\/a><br \/>oder<br \/>PGP f\u00fcr Webmail: <a href=\"http:\/\/www.mailvelope.com\">http:\/\/www.mailvelope.com<\/a><br \/><br \/><\/p>\n<p><strong>Dateien ver- und entschl\u00fcsseln<br \/>(unabh\u00e4ngig vom E-Mail-Programm)<br \/><\/strong>OpenPGP f\u00fcr Windows: <a href=\"http:\/\/www.gpg4win.de\/\" target=\"_blank\" rel=\"noopener\">http:\/\/www.gpg4win.de<\/a> oder f\u00fcr Mac: <a href=\"https:\/\/gpgtools.org\" target=\"_blank\" rel=\"noopener\">https:\/\/gpgtools.org<\/a><\/p>    <\/div>\n<\/div>\n<!-- \/module text -->        <\/div>\n                        <\/div>\n        <\/div>\n        <\/div>\n<!--\/themify_builder_content-->","protected":false},"excerpt":{"rendered":"<p>\u00a0 E-Mail-Verschl\u00fcsselung ist nicht schwer Im Open-Source E-Mail-Programm Thunderbird ist OpenPGP-Verschl\u00fcsselung ab Version 78 integriert.DownloadThunderbird https:\/\/www.thunderbird.net\/de\/download\/oderPGP f\u00fcr Webmail: http:\/\/www.mailvelope.com Dateien ver- und entschl\u00fcsseln(unabh\u00e4ngig vom E-Mail-Programm)OpenPGP f\u00fcr Windows: http:\/\/www.gpg4win.de oder f\u00fcr Mac: https:\/\/gpgtools.org<\/p>\n","protected":false},"author":1,"featured_media":0,"parent":0,"menu_order":9,"comment_status":"closed","ping_status":"closed","template":"","meta":{"footnotes":""},"class_list":["post-140","page","type-page","status-publish","hentry","has-post-title","has-post-date","has-post-category","has-post-tag","has-post-comment","has-post-author",""],"builder_content":"<img src=\"https:\/\/www.goingo.de\/w\/wp-content\/uploads\/2020\/02\/MRS_3858_Publikum_b_1920x1160.jpg\" title=\"E-Mails verschl\u00fcsseln\" alt=\"E-Mails verschl\u00fcsseln\" srcset=\"https:\/\/www.goingo.de\/w\/wp-content\/uploads\/2020\/02\/MRS_3858_Publikum_b_1920x1160.jpg 1920w, https:\/\/www.goingo.de\/w\/wp-content\/uploads\/2020\/02\/MRS_3858_Publikum_b_1920x1160-300x181.jpg 300w, https:\/\/www.goingo.de\/w\/wp-content\/uploads\/2020\/02\/MRS_3858_Publikum_b_1920x1160-1024x619.jpg 1024w, https:\/\/www.goingo.de\/w\/wp-content\/uploads\/2020\/02\/MRS_3858_Publikum_b_1920x1160-768x464.jpg 768w, https:\/\/www.goingo.de\/w\/wp-content\/uploads\/2020\/02\/MRS_3858_Publikum_b_1920x1160-1536x928.jpg 1536w\" sizes=\"(max-width: 1920px) 100vw, 1920px\" \/>\n<h4>\u00a0<\/h4> <h5>E-Mail-Verschl\u00fcsselung ist nicht schwer<\/h5> <p>Im Open-Source E-Mail-Programm Thunderbird ist OpenPGP-Verschl\u00fcsselung ab Version 78 integriert.<br \/><br \/><br \/><strong>Download<br \/><\/strong>Thunderbird <a href=\"https:\/\/www.thunderbird.net\/de\/download\/\" target=\"_blank\" rel=\"noopener\">https:\/\/www.thunderbird.net\/de\/download\/<\/a><br \/>oder<br \/>PGP f\u00fcr Webmail: <a href=\"http:\/\/www.mailvelope.com\">http:\/\/www.mailvelope.com<\/a><br \/><br \/><\/p> <p><strong>Dateien ver- und entschl\u00fcsseln<br \/>(unabh\u00e4ngig vom E-Mail-Programm)<br \/><\/strong>OpenPGP f\u00fcr Windows: <a href=\"http:\/\/www.gpg4win.de\/\" target=\"_blank\" rel=\"noopener\">http:\/\/www.gpg4win.de<\/a> oder f\u00fcr Mac: <a href=\"https:\/\/gpgtools.org\" target=\"_blank\" rel=\"noopener\">https:\/\/gpgtools.org<\/a><\/p>","_links":{"self":[{"href":"https:\/\/www.goingo.de\/w\/wp-json\/wp\/v2\/pages\/140","targetHints":{"allow":["GET"]}}],"collection":[{"href":"https:\/\/www.goingo.de\/w\/wp-json\/wp\/v2\/pages"}],"about":[{"href":"https:\/\/www.goingo.de\/w\/wp-json\/wp\/v2\/types\/page"}],"author":[{"embeddable":true,"href":"https:\/\/www.goingo.de\/w\/wp-json\/wp\/v2\/users\/1"}],"replies":[{"embeddable":true,"href":"https:\/\/www.goingo.de\/w\/wp-json\/wp\/v2\/comments?post=140"}],"version-history":[{"count":30,"href":"https:\/\/www.goingo.de\/w\/wp-json\/wp\/v2\/pages\/140\/revisions"}],"predecessor-version":[{"id":1633,"href":"https:\/\/www.goingo.de\/w\/wp-json\/wp\/v2\/pages\/140\/revisions\/1633"}],"wp:attachment":[{"href":"https:\/\/www.goingo.de\/w\/wp-json\/wp\/v2\/media?parent=140"}],"curies":[{"name":"wp","href":"https:\/\/api.w.org\/{rel}","templated":true}]}}